{"id":521,"date":"2024-02-19T21:59:09","date_gmt":"2024-02-19T20:59:09","guid":{"rendered":"https:\/\/podiatrievaudreuil.com\/terms-and-conditions\/"},"modified":"2024-03-01T04:51:57","modified_gmt":"2024-03-01T03:51:57","slug":"terms-and-conditions","status":"publish","type":"page","link":"https:\/\/podiatrievaudreuil.com\/en\/terms-and-conditions\/","title":{"rendered":"Terms and conditions"},"content":{"rendered":"\n<div class=\"wp-block-group mid-size-1000 center\"><div class=\"wp-block-group__inner-container is-layout-constrained wp-block-group-is-layout-constrained\">\n<h2 class=\"wp-block-heading\">Welcome to the Clinique podiatrique Pascale Laperri\u00e8re website!<\/h2>\n\n\n\n<p>These terms of use (the &#8220;Terms of Use&#8221;) are a binding legal agreement between you and Clinique podiatrique Pascale Laperri\u00e8re inc. (the &#8220;Parties&#8221;), which governs your access to and use of the website www. podiatrievaudreuil.com and the services offered therein (the &#8220;Website&#8221;). This agreement is effective the moment you access the Website and remains in effect until either Party terminates the agreement in accordance with these Terms of Use or any other agreement you have entered into with us, as applicable. By accessing or using the Website, you acknowledge that you have read and understood our Terms of Use and agree to be legally bound by them, our Privacy Policy and our Cookie Usage Policy (collectively, the &#8220;Agreement&#8221;), in addition to complying with all applicable laws and regulations. If you do not accept these Terms of Use, you are not authorized to access or use the Website or the services offered therein.<\/p>\n\n\n\n<p>When used in these Terms of Use, the words &#8220;Organization Name&#8221;, &#8220;we&#8221;, &#8220;us&#8221; and &#8220;our&#8221; refer to Clinique podiatrique Pascale Laperri\u00e8re inc. including its representatives, directors and employees, with whom you are entering into this Agreement. The terms &#8220;you&#8221; or &#8220;your&#8221; refer to the person accessing or using the Website, whether as a visitor or user. If you are entering into this Agreement on behalf of a legal entity, you represent that you have the authority or power to bind such legal entity to this Agreement, in which case &#8220;you&#8221; or &#8220;your&#8221; refers to such legal entity.<\/p>\n\n\n\n<ol class=\"wp-block-list\">\n<li><strong>POLITIQUE DE CONFIDENTIALIT\u00c9<\/strong><br\/>Notre politique de confidentialit\u00e9 (<a href=\"https:\/\/podiatrievaudreuil.com\/en\/privacy-policy\/\">https:\/\/podiatrievaudreuil.com\/en\/privacy-policy\/<\/a>), qui d\u00e9crit notamment nos pratiques en mati\u00e8re de traitement des renseignements personnels (la \u00ab Politique de confidentialit\u00e9 \u00bb), est incorpor\u00e9e aux pr\u00e9sentes par r\u00e9f\u00e9rence et fait partie int\u00e9grante de ce Contrat.<br\/><\/li>\n\n\n\n<li><strong>MODIFICATIONS<\/strong><br\/>En acc\u00e9dant ou en utilisant le Site web, vous reconnaissez et acceptez que ces Conditions d\u2019utilisation puissent \u00eatre modifi\u00e9s conform\u00e9ment aux dispositions \u00e9nonc\u00e9es ci-dessous et \u00eates invit\u00e9 \u00e0 les consulter r\u00e9guli\u00e8rement. Nous nous r\u00e9servons le droit de mettre \u00e0 jour et modifier les Conditions d\u2019utilisation \u00e0 tout moment et sans pr\u00e9avis. En cas de modification, nous publierons la version mise \u00e0 jour des Conditions d\u2019utilisation.<\/li>\n<\/ol>\n\n\n\n<p>on our Website and will update the version number and date of the last update appearing in the footer of the document. We therefore encourage you to review our Terms of Use when you visit the Website to obtain timely notice of updated Terms of Use. If you do not agree to the updated Terms of Use, please do not continue to use our Website. Your continued use of or access to our Website following the posting of updated Terms of Use will constitute your acceptance of such updated Terms of Use.<\/p>\n\n\n\n<ol class=\"wp-block-list\" start=\"3\">\n<li><strong>CONTENT<\/strong><br\/>For the purposes hereof, \u201cContent\u201d means all materials and content made available to users on the Website, including notices, guidelines, communications, texts, RSS feeds , graphics, images, illustrations, audiovisual works, multimedia elements, photographs, videos, music, sound recordings, policies, documents, software, information, data and any other works, including the manner in which such Content is presented.<br\/> br\/&gt;<br\/><strong>Third Party Content<\/strong> \u2014 Content consulted or available on the Website or via the Internet may belong to third parties (the \u201cThird Party Content\u201d) and be protected by copyright intellectual property, including copyrights and trademarks, or other proprietary rights and laws. Nothing in your use of the Website or in these Terms of Use grants you any right, title or interest in such Third Party Content, except the right to use the Website granted to you pursuant to the Terms of Use. &#8216;use. Third Party Websites \u2014 The Website may contain links to Third Party Content available on independent third party websites (the \u201cThird Party Websites\u201d). These links are provided for informational purposes only. The Organization is not responsible for Third Party Content or the quality, security, availability, completeness, accuracy, compliance with law and the policies or practice of such Websites of third parties. We do not endorse Third Party Websites and make no representations about them or their content. If you choose to access a Third Party Website linked to on our Website, you do so at your own risk.<br\/><\/li>\n\n\n\n<li><strong>INTELLECTUAL PROPERTY AND OTHER PROPRIETARY RIGHTS<\/strong><br\/><strong>Organization Content<\/strong> \u2014 Unless expressly stated otherwise, all right, title and interest in and to the Website and any Content, URLs, domain names, source codes, processes, trademarks, trade names, logos, product and service names, works or other material which may be subject to copyright, whether registered or not , recognized by applicable laws, including (a) any improvement or modification to any of the foregoing, (b) any application for registration or renewal of the foregoing and (c) licenses and sublicensees for third party intellectual property (collectively, \u201cOrganization Content\u201d) as well as any.<\/li>\n<\/ol>\n\n\n\n<p>derivative products, translations and updates of the Organization Content, are the exclusive property of the Organization and are protected by copyright, trademark or other proprietary rights and laws. All rights not expressly granted herein are reserved by the Organization. <br\/><br\/><strong>License<\/strong> \u2014 Subject to your compliance with the Terms of Use and any other agreement entered into between you and us, the Organization grants you, for your personal use only, a limited, non-exclusive, non-transferable, revocable free license to access and use the Website and its content during the term of this Agreement. Nothing in this Agreement grants you any right, title or interest in or to the Organization Content, except for the limited right to access and\/or use the Website in accordance with these Terms of Service. &#8216;use. You are prohibited from copying, modifying, disassembling, reproducing, adapting, selling, reselling, compiling or extracting any Content, in whole or in part, by any means whatsoever, and in any medium whatsoever, existing or future, including the translation of the Content into any other language, except as expressly permitted by these Terms of Use. Any other use of the Organization Content is strictly prohibited and constitutes a violation of the provisions of Canadian intellectual property laws or other applicable proprietary rights and laws. The Organization will enforce its intellectual property rights to the extent permitted by applicable laws.<\/p>\n\n\n\n<ol class=\"wp-block-list\" start=\"5\">\n<li><strong>ACCEPTABLE USE POLICY<\/strong><br\/><strong>Acceptable Use<\/strong> \u2014 You must use the Website and its Content only for lawful purposes and in accordance with the rules set forth herein section. If at any time you become aware of a violation of these Terms of Use by any person or entity, you agree to notify us immediately so that we can investigate and, if necessary, cease or remedy the violation. this violation. Prohibited Uses \u2014 Without limiting the generality of the restrictions set forth below, you agree not to do or permit, directly or indirectly, any of the following actions in connection with the Website:<br\/>(i) publish, download, translate, use, upload, reproduce, distribute or otherwise<br\/>transmit any Content that:<br\/>a. is defamatory, infringing or illegal;<br\/>b. is inappropriate, profane, degrading, obscene, indecent or contains information<br\/>without appropriate or legally required access controls (which controls will in no event be our responsibility);<br\/>c. gives rise to civil liability or infringes our rights or assists someone else in infringing our rights or those of third parties, including copyright infringement, invasion of privacy, trademark infringement or defamation; d. constitutes threats, harassment, intimidation, abuse or any conduct that violates the rights of others;<br\/>e. constitutes a criminal offense, or participates in or assists others in<br\/>committing a criminal offense;<br\/>f. contains a virus, ransomware, Trojan horse, worm, spyware or<br\/>any other malicious program or software, including web<br\/>scraping tools.<br\/>g. constitutes unauthorized or unsolicited commercial communications, unwanted or bulk communications, or other &#8220;spam&#8221; (whether or not using electronic messaging services, including messaging). \/&gt;instant, blog or comment spam) or are otherwise<br\/>massive or unsolicited;<\/li>\n<\/ol>\n\n\n\n<p>(ii) disrupt, disable or threaten the integrity, operation or security of the Website;<br\/>(iii) probe, scan or test the vulnerability of the Website or breach its security measures;<br\/> br\/&gt;(iv) disable or circumvent any access control measure or process or procedure in connection with the Website;<br\/>(v) sublicense, share, resell, reproduce, copy, distribute, redistribute<br\/>or exploit for commercial purposes any portion of, use of or access to the Website, unless<br\/>you have first obtained our express permission to do so;<br\/>(vi) extract, gather, collect or store personal information of third parties without their explicit consent.<\/p>\n\n\n\n<p><strong>Recourse<\/strong> \u2014 Without limiting any other rights we may have and subject to any agreement entered into between you and us, the Organization may, without notice, suspend, restrict or terminate your access and your use of the Website and take any other action we deem appropriate if, in our sole and absolute discretion, we determine or believe that you have violated any provision of the Terms of Use.<\/p>\n\n\n\n<ol class=\"wp-block-list\" start=\"6\">\n<li><strong>DISCLAIMER OF WARRANTIES<\/strong><br\/>USE OF THE WEBSITE AND ITS CONTENT IS PROVIDED WITHOUT WARRANTY OR REPRESENTATION OF ANY KIND, INCLUDING AS TO CONNECTIVITY, PERFORMANCE, OPERATION, AVAILABILITY , RELIABILITY, TIMELINESS, SECURITY, QUALITY, CAPACITY OR ACCURACY OF THE WEBSITE AND CONTENT. IN NO EVENT SHALL THE ORGANIZATION BE LIABLE FOR DELAYS, INTERRUPTIONS, ACCIDENTAL FAILURES, SERVICE FAILURES OR OTHER PROBLEMS INHERENT IN THE USE OF THE INTERNET, ELECTRONIC COMMUNICATIONS, TELECOMMUNICATIONS NETWORKS OR OTHER SYSTEMS OR NETWORKS THAT ARE OPERATED BY THIRD PARTIES OR BEYOND OUR REASONABLE CONTROL. THE ORGANIZATION EXPRESSLY DISCLAIMS ALL CONDITIONS, WARRANTIES AND REPRESENTATIONS, EXPRESS, IMPLIED, STATUTORY OR OTHERWISE.<br\/><\/li>\n\n\n\n<li>\u200b&#13;\n1,167 \/ 5,000&#13;\nTranslation results&#13;\nTranslation result&#13;\nLIMITATION OF LIABILITY TO THE MAXIMUM EXTENT PERMITTED BY APPLICABLE LAW, NEITHER THE ORGANIZATION NOR ANY OTHER PARTY INVOLVED IN CREATING, PRODUCING OR DELIVERING THE WEBSITE OR ANY CONTENT SHALL BE LIABLE FOR DAMAGES OF ANY KIND WHATSOEVER. , INCLUDING ACTUAL, INDIRECT, INCIDENTAL, SPECIAL, EXEMPLARY, PUNITIVE OR CONSEQUENTIAL DAMAGES, INCLUDING LOST PROFITS, LOSS OF DATA, LOSS OF CUSTOMER SERVICE, INTERRUPTION OF SERVICES, COMPUTER DAMAGE OR SYSTEM FAILURE, ARISING OUT OF OR IN CONNECTION WITH THESE TERMS OF USE AS WELL AS YOUR USE OR INABILITY TO ACCESS OR USE THE WEBSITE, ITS CONTENT AND THE SERVICES OFFERED THEREIN, EVEN IF THE ORGANIZATION HAS BEEN ADVISED OF THE POSSIBILITY OF SUCH DAMAGES. THESE LIMITATIONS OF LIABILITY AND DAMAGES ARE FUNDAMENTAL ELEMENTS OF THE BARGAIN BETWEEN YOU AND THE ORGANIZATION. IF APPLICABLE LAW DOES NOT ALLOW ONE OR MORE OF THE LIMITATIONS SET FORTH IN THESE TERMS OF USE, SOME OF THE LIMITATIONS SET FORTH ABOVE MAY NOT APPLY TO YOU.<br\/><\/li>\n\n\n\n<li><strong>INDEMNIFICATION<\/strong><br\/>To the maximum extent permitted by applicable law, you agree to defend, indemnify and hold harmless the Organization from and against any claims, liabilities, damages, judgments, awards, losses , costs, expenses, fees or fees (including all reasonable legal and accounting fees) arising out of or in connection with: (i) your violation of these Terms of Use, (ii) any breach or default arising from your use of the Website and its Content or (iii) your violation of any law or regulation or third party rights such as intellectual property rights or privacy, other than as expressly permitted hereunder. Organization reserves the right, in its sole discretion and expense, to assume the exclusive defense and control of any matter otherwise subject to indemnification by you. You also agree to cooperate fully and reasonably in the defense of any claim, if any.<\/li>\n<\/ol>\n\n\n\n<ol class=\"wp-block-list\" start=\"9\">\n<li><strong>APPLICABLE LAW<\/strong><br\/>This contract and other policies available on the Website will be governed and interpreted in accordance with the laws of the province of Quebec. All disputes, claims and proceedings arising out of or relating to these Terms of Use will be resolved or decided in Quebec, Canada. You submit and accept the exclusive jurisdiction and jurisdiction of the courts of the province of Quebec and the federal courts located in the province of Quebec.<br\/><\/li>\n\n\n\n<li><strong>COMMUNICATE WITH US<\/strong><br\/>Any questions or comments regarding the Terms of Use, the Website or our services, including reports of non-working links, must be submitted in writing to the the following address: <a href=\"mailto:cliniquepodiatriquelaperriere@gmail.com\">cliniquepodiatriquelaperriere@gmail.com<\/a><\/li>\n<\/ol>\n<\/div><\/div>\n","protected":false},"excerpt":{"rendered":"<p>Welcome to the Clinique podiatrique Pascale Laperri\u00e8re website! These terms of use (the &#8220;Terms of Use&#8221;) are a binding legal agreement between you and Clinique podiatrique Pascale Laperri\u00e8re inc. (the &#8220;Parties&#8221;), which governs your access to and use of the website www. podiatrievaudreuil.com and the services offered therein (the &#8220;Website&#8221;). This agreement is effective the [&hellip;]<\/p>\n","protected":false},"author":1,"featured_media":0,"parent":0,"menu_order":0,"comment_status":"closed","ping_status":"closed","template":"","meta":{"_acf_changed":false,"footnotes":""},"class_list":["post-521","page","type-page","status-publish","hentry"],"acf":[],"yoast_head":"<!-- This site is optimized with the Yoast SEO plugin v26.8 - https:\/\/yoast.com\/product\/yoast-seo-wordpress\/ -->\n<title>Terms and conditions - Clinique podiatrique Pascale Laperri\u00e8re<\/title>\n<meta name=\"robots\" content=\"noindex, follow\" \/>\n<meta property=\"og:locale\" content=\"en_US\" \/>\n<meta property=\"og:type\" content=\"article\" \/>\n<meta property=\"og:title\" content=\"Terms and conditions - Clinique podiatrique Pascale Laperri\u00e8re\" \/>\n<meta property=\"og:description\" content=\"Welcome to the Clinique podiatrique Pascale Laperri\u00e8re website! These terms of use (the &#8220;Terms of Use&#8221;) are a binding legal agreement between you and Clinique podiatrique Pascale Laperri\u00e8re inc. (the &#8220;Parties&#8221;), which governs your access to and use of the website www. podiatrievaudreuil.com and the services offered therein (the &#8220;Website&#8221;). This agreement is effective the [&hellip;]\" \/>\n<meta property=\"og:url\" content=\"https:\/\/podiatrievaudreuil.com\/en\/terms-and-conditions\/\" \/>\n<meta property=\"og:site_name\" content=\"Podiatre \u00e0 Vaudreuil\" \/>\n<meta property=\"article:publisher\" content=\"https:\/\/facebook.com\/podiatrievaudreuil\" \/>\n<meta property=\"article:modified_time\" content=\"2024-03-01T03:51:57+00:00\" \/>\n<meta name=\"twitter:card\" content=\"summary_large_image\" \/>\n<meta name=\"twitter:label1\" content=\"Est. reading time\" \/>\n\t<meta name=\"twitter:data1\" content=\"10 minutes\" \/>\n<script type=\"application\/ld+json\" class=\"yoast-schema-graph\">{\"@context\":\"https:\/\/schema.org\",\"@graph\":[{\"@type\":\"WebPage\",\"@id\":\"https:\/\/podiatrievaudreuil.com\/en\/terms-and-conditions\/\",\"url\":\"https:\/\/podiatrievaudreuil.com\/en\/terms-and-conditions\/\",\"name\":\"Terms and conditions - Clinique podiatrique Pascale Laperri\u00e8re\",\"isPartOf\":{\"@id\":\"https:\/\/podiatrievaudreuil.com\/#website\"},\"datePublished\":\"2024-02-19T20:59:09+00:00\",\"dateModified\":\"2024-03-01T03:51:57+00:00\",\"breadcrumb\":{\"@id\":\"https:\/\/podiatrievaudreuil.com\/en\/terms-and-conditions\/#breadcrumb\"},\"inLanguage\":\"en-CA\",\"potentialAction\":[{\"@type\":\"ReadAction\",\"target\":[\"https:\/\/podiatrievaudreuil.com\/en\/terms-and-conditions\/\"]}]},{\"@type\":\"BreadcrumbList\",\"@id\":\"https:\/\/podiatrievaudreuil.com\/en\/terms-and-conditions\/#breadcrumb\",\"itemListElement\":[{\"@type\":\"ListItem\",\"position\":1,\"name\":\"Accueil\",\"item\":\"https:\/\/podiatrievaudreuil.com\/en\/\"},{\"@type\":\"ListItem\",\"position\":2,\"name\":\"Terms and conditions\"}]},{\"@type\":\"WebSite\",\"@id\":\"https:\/\/podiatrievaudreuil.com\/#website\",\"url\":\"https:\/\/podiatrievaudreuil.com\/\",\"name\":\"Podiatre Vaudreuil\",\"description\":\"Clinique podiatrique Pascale Laperri\u00e8re\",\"publisher\":{\"@id\":\"https:\/\/podiatrievaudreuil.com\/#organization\"},\"potentialAction\":[{\"@type\":\"SearchAction\",\"target\":{\"@type\":\"EntryPoint\",\"urlTemplate\":\"https:\/\/podiatrievaudreuil.com\/?s={search_term_string}\"},\"query-input\":{\"@type\":\"PropertyValueSpecification\",\"valueRequired\":true,\"valueName\":\"search_term_string\"}}],\"inLanguage\":\"en-CA\"},{\"@type\":\"Organization\",\"@id\":\"https:\/\/podiatrievaudreuil.com\/#organization\",\"name\":\"Clinique podiatrique Pascale Laperri\u00e8re\",\"url\":\"https:\/\/podiatrievaudreuil.com\/\",\"logo\":{\"@type\":\"ImageObject\",\"inLanguage\":\"en-CA\",\"@id\":\"https:\/\/podiatrievaudreuil.com\/#\/schema\/logo\/image\/\",\"url\":\"https:\/\/podiatrievaudreuil.com\/wp-content\/uploads\/2024\/02\/laperriere_logo_bleu.svg\",\"contentUrl\":\"https:\/\/podiatrievaudreuil.com\/wp-content\/uploads\/2024\/02\/laperriere_logo_bleu.svg\",\"width\":299,\"height\":104,\"caption\":\"Clinique podiatrique Pascale Laperri\u00e8re\"},\"image\":{\"@id\":\"https:\/\/podiatrievaudreuil.com\/#\/schema\/logo\/image\/\"},\"sameAs\":[\"https:\/\/facebook.com\/podiatrievaudreuil\"]}]}<\/script>\n<!-- \/ Yoast SEO plugin. -->","yoast_head_json":{"title":"Terms and conditions - Clinique podiatrique Pascale Laperri\u00e8re","robots":{"index":"noindex","follow":"follow"},"og_locale":"en_US","og_type":"article","og_title":"Terms and conditions - Clinique podiatrique Pascale Laperri\u00e8re","og_description":"Welcome to the Clinique podiatrique Pascale Laperri\u00e8re website! These terms of use (the &#8220;Terms of Use&#8221;) are a binding legal agreement between you and Clinique podiatrique Pascale Laperri\u00e8re inc. (the &#8220;Parties&#8221;), which governs your access to and use of the website www. podiatrievaudreuil.com and the services offered therein (the &#8220;Website&#8221;). This agreement is effective the [&hellip;]","og_url":"https:\/\/podiatrievaudreuil.com\/en\/terms-and-conditions\/","og_site_name":"Podiatre \u00e0 Vaudreuil","article_publisher":"https:\/\/facebook.com\/podiatrievaudreuil","article_modified_time":"2024-03-01T03:51:57+00:00","twitter_card":"summary_large_image","twitter_misc":{"Est. reading time":"10 minutes"},"schema":{"@context":"https:\/\/schema.org","@graph":[{"@type":"WebPage","@id":"https:\/\/podiatrievaudreuil.com\/en\/terms-and-conditions\/","url":"https:\/\/podiatrievaudreuil.com\/en\/terms-and-conditions\/","name":"Terms and conditions - Clinique podiatrique Pascale Laperri\u00e8re","isPartOf":{"@id":"https:\/\/podiatrievaudreuil.com\/#website"},"datePublished":"2024-02-19T20:59:09+00:00","dateModified":"2024-03-01T03:51:57+00:00","breadcrumb":{"@id":"https:\/\/podiatrievaudreuil.com\/en\/terms-and-conditions\/#breadcrumb"},"inLanguage":"en-CA","potentialAction":[{"@type":"ReadAction","target":["https:\/\/podiatrievaudreuil.com\/en\/terms-and-conditions\/"]}]},{"@type":"BreadcrumbList","@id":"https:\/\/podiatrievaudreuil.com\/en\/terms-and-conditions\/#breadcrumb","itemListElement":[{"@type":"ListItem","position":1,"name":"Accueil","item":"https:\/\/podiatrievaudreuil.com\/en\/"},{"@type":"ListItem","position":2,"name":"Terms and conditions"}]},{"@type":"WebSite","@id":"https:\/\/podiatrievaudreuil.com\/#website","url":"https:\/\/podiatrievaudreuil.com\/","name":"Podiatre Vaudreuil","description":"Clinique podiatrique Pascale Laperri\u00e8re","publisher":{"@id":"https:\/\/podiatrievaudreuil.com\/#organization"},"potentialAction":[{"@type":"SearchAction","target":{"@type":"EntryPoint","urlTemplate":"https:\/\/podiatrievaudreuil.com\/?s={search_term_string}"},"query-input":{"@type":"PropertyValueSpecification","valueRequired":true,"valueName":"search_term_string"}}],"inLanguage":"en-CA"},{"@type":"Organization","@id":"https:\/\/podiatrievaudreuil.com\/#organization","name":"Clinique podiatrique Pascale Laperri\u00e8re","url":"https:\/\/podiatrievaudreuil.com\/","logo":{"@type":"ImageObject","inLanguage":"en-CA","@id":"https:\/\/podiatrievaudreuil.com\/#\/schema\/logo\/image\/","url":"https:\/\/podiatrievaudreuil.com\/wp-content\/uploads\/2024\/02\/laperriere_logo_bleu.svg","contentUrl":"https:\/\/podiatrievaudreuil.com\/wp-content\/uploads\/2024\/02\/laperriere_logo_bleu.svg","width":299,"height":104,"caption":"Clinique podiatrique Pascale Laperri\u00e8re"},"image":{"@id":"https:\/\/podiatrievaudreuil.com\/#\/schema\/logo\/image\/"},"sameAs":["https:\/\/facebook.com\/podiatrievaudreuil"]}]}},"_links":{"self":[{"href":"https:\/\/podiatrievaudreuil.com\/en\/wp-json\/wp\/v2\/pages\/521","targetHints":{"allow":["GET"]}}],"collection":[{"href":"https:\/\/podiatrievaudreuil.com\/en\/wp-json\/wp\/v2\/pages"}],"about":[{"href":"https:\/\/podiatrievaudreuil.com\/en\/wp-json\/wp\/v2\/types\/page"}],"author":[{"embeddable":true,"href":"https:\/\/podiatrievaudreuil.com\/en\/wp-json\/wp\/v2\/users\/1"}],"replies":[{"embeddable":true,"href":"https:\/\/podiatrievaudreuil.com\/en\/wp-json\/wp\/v2\/comments?post=521"}],"version-history":[{"count":0,"href":"https:\/\/podiatrievaudreuil.com\/en\/wp-json\/wp\/v2\/pages\/521\/revisions"}],"wp:attachment":[{"href":"https:\/\/podiatrievaudreuil.com\/en\/wp-json\/wp\/v2\/media?parent=521"}],"curies":[{"name":"wp","href":"https:\/\/api.w.org\/{rel}","templated":true}]}}